{"id":131,"date":"2023-01-21T10:25:44","date_gmt":"2023-01-21T10:25:44","guid":{"rendered":"http:\/\/vorher-statt-unheil.de\/?page_id=131"},"modified":"2026-04-04T09:56:29","modified_gmt":"2026-04-04T09:56:29","slug":"impressum","status":"publish","type":"page","link":"https:\/\/www.vorher-statt-unheil.de\/?page_id=131","title":{"rendered":"Impressum"},"content":{"rendered":"\t\t<div data-elementor-type=\"wp-page\" data-elementor-id=\"131\" class=\"elementor elementor-131\">\n\t\t\t\t\t\t<section class=\"elementor-section elementor-top-section elementor-element elementor-element-2037aa5 elementor-section-boxed elementor-section-height-default elementor-section-height-default\" data-id=\"2037aa5\" data-element_type=\"section\">\n\t\t\t\t\t\t<div class=\"elementor-container elementor-column-gap-default\">\n\t\t\t\t\t<div class=\"elementor-column elementor-col-100 elementor-top-column elementor-element elementor-element-4d65356\" data-id=\"4d65356\" data-element_type=\"column\">\n\t\t\t<div class=\"elementor-widget-wrap elementor-element-populated\">\n\t\t\t\t\t\t<div class=\"elementor-element elementor-element-0b9783b elementor-widget elementor-widget-text-editor\" data-id=\"0b9783b\" data-element_type=\"widget\" data-widget_type=\"text-editor.default\">\n\t\t\t\t<div class=\"elementor-widget-container\">\n\t\t\t\t\t\t\t\t\t<p><strong>M &amp; W Sch\u00e4fer GbR<\/strong><\/p><p>vertreten durch die Gesellschafter: Markus und Werner Sch\u00e4fer<\/p><ul><li>Brunnenstr.22<\/li><li>59846 Sundern<\/li><\/ul><p>\u00a0<\/p><p><strong>Kontakt:<\/strong><\/p><p>Telefon: 0160\/93963528<br \/>E-Mail: vorherstattunheil@gmail.com<\/p><p>\u00a0<\/p><p>Plattform der EU-Kommission zur Online-Streitbeilegung: https:\/\/ec.europa.eu\/odr<\/p><p>Wir sind zur Teilnahme an einem Streitbeilegungsverfahren vor einer Verbraucherschlichtungsstelle weder verpflichtet noch bereit.<\/p><p><strong>Haftung f\u00fcr Inhalte<\/strong><\/p><p>Die Inhalte unserer Seiten wurden mit gr\u00f6\u00dfter Sorgfalt erstellt. F\u00fcr die Richtigkeit, Vollst\u00e4ndigkeit und Aktualit\u00e4t der Inhalte k\u00f6nnen wir jedoch keine Gew\u00e4hr \u00fcbernehmen. Als Diensteanbieter sind wir gem\u00e4\u00df \u00a7 7 Abs.1 TMG f\u00fcr eigene Inhalte auf diesen Seiten nach den allgemeinen Gesetzen verantwortlich. Nach \u00a7\u00a7 8 bis 10 TMG sind wir als Diensteanbieter jedoch nicht verpflichtet, \u00fcbermittelte oder gespeicherte fremde Informationen zu \u00fcberwachen oder nach Umst\u00e4nden zu forschen, die auf eine rechtswidrige T\u00e4tigkeit hinweisen. Verpflichtungen zur Entfernung oder Sperrung der Nutzung von Informationen nach den allgemeinen Gesetzen bleiben hiervon unber\u00fchrt. Eine diesbez\u00fcgliche Haftung ist jedoch erst ab dem Zeitpunkt der Kenntnis einer konkreten Rechtsverletzung m\u00f6glich. Bei Bekanntwerden von entsprechenden Rechtsverletzungen werden wir diese Inhalte umgehend entfernen.<\/p><p><strong>Datenschutz<\/strong><\/p><p>Die Nutzung unserer Webseite ist in der Regel ohne eine Angabe personenbezogener Daten m\u00f6glich. Soweit auf unseren Seiten personenbezogene Daten (beispielsweise Name, Anschrift oder E-Mail-Adresse) erhoben werden, erfolgt dies \u2013 soweit es m\u00f6glich ist\u2013 immer auf freiwilliger Basis. Wir geben Ihre Daten ohne Ihre ausdr\u00fcckliche Zustimmung nicht an Dritte weiter. Au\u00dferdem weisen wir Sie darauf hin, dass die Daten\u00fcbertragung im Internet (wie beispielsweise bei der Kommunikation \u00fcber E-Mail) Sicherheitsl\u00fccken aufweisen kann. Denn ein l\u00fcckenloser Schutz der Daten vor dem Zugriff durch Dritte ist nicht m\u00f6glich. Wir widersprechen hiermit ausdr\u00fccklich der Nutzung von im Rahmen der Impressumspflicht ver\u00f6ffentlichten Kontaktdaten durch Dritte zur \u00dcbersendung von nicht ausdr\u00fccklich angeforderter Werbung und Informationsmaterialien. Die Betreiber dieser Seiten behalten sich ausdr\u00fccklich vor, im Fall der unverlangten Zusendung von Werbeinformationen, etwa durch Spam-Mails, rechtliche Schritte einzuleiten.<\/p><p><i><a href=\"http:\/\/www.agb.de\/\">Gratis Impressum<\/a>\u00a0von agb.d<\/i><\/p>\t\t\t\t\t\t\t\t<\/div>\n\t\t\t\t<\/div>\n\t\t\t\t\t<\/div>\n\t\t<\/div>\n\t\t\t\t\t<\/div>\n\t\t<\/section>\n\t\t\t\t<\/div>\n\t\t","protected":false},"excerpt":{"rendered":"<p>M &amp; W Sch\u00e4fer GbR vertreten durch die Gesellschafter: Markus und Werner Sch\u00e4fer Brunnenstr.22 59846 Sundern \u00a0 Kontakt: Telefon: 0160\/93963528E-Mail: vorherstattunheil@gmail.com \u00a0 Plattform der EU-Kommission zur Online-Streitbeilegung: https:\/\/ec.europa.eu\/odr Wir sind zur Teilnahme an einem Streitbeilegungsverfahren vor einer Verbraucherschlichtungsstelle weder verpflichtet noch bereit. Haftung f\u00fcr Inhalte Die Inhalte unserer Seiten wurden mit gr\u00f6\u00dfter Sorgfalt erstellt. F\u00fcr [&hellip;]<\/p>\n","protected":false},"author":1,"featured_media":0,"parent":0,"menu_order":0,"comment_status":"closed","ping_status":"closed","template":"","meta":{"footnotes":""},"class_list":["post-131","page","type-page","status-publish","hentry"],"_links":{"self":[{"href":"https:\/\/www.vorher-statt-unheil.de\/index.php?rest_route=\/wp\/v2\/pages\/131","targetHints":{"allow":["GET"]}}],"collection":[{"href":"https:\/\/www.vorher-statt-unheil.de\/index.php?rest_route=\/wp\/v2\/pages"}],"about":[{"href":"https:\/\/www.vorher-statt-unheil.de\/index.php?rest_route=\/wp\/v2\/types\/page"}],"author":[{"embeddable":true,"href":"https:\/\/www.vorher-statt-unheil.de\/index.php?rest_route=\/wp\/v2\/users\/1"}],"replies":[{"embeddable":true,"href":"https:\/\/www.vorher-statt-unheil.de\/index.php?rest_route=%2Fwp%2Fv2%2Fcomments&post=131"}],"version-history":[{"count":106,"href":"https:\/\/www.vorher-statt-unheil.de\/index.php?rest_route=\/wp\/v2\/pages\/131\/revisions"}],"predecessor-version":[{"id":4012,"href":"https:\/\/www.vorher-statt-unheil.de\/index.php?rest_route=\/wp\/v2\/pages\/131\/revisions\/4012"}],"wp:attachment":[{"href":"https:\/\/www.vorher-statt-unheil.de\/index.php?rest_route=%2Fwp%2Fv2%2Fmedia&parent=131"}],"curies":[{"name":"wp","href":"https:\/\/api.w.org\/{rel}","templated":true}]}}